{"id":47,"date":"2019-03-25T14:49:28","date_gmt":"2019-03-25T14:49:28","guid":{"rendered":"http:\/\/home.joergklam.de\/?page_id=47"},"modified":"2023-02-11T12:57:40","modified_gmt":"2023-02-11T11:57:40","slug":"impressum","status":"publish","type":"page","link":"http:\/\/home.joergklam.de\/?page_id=47","title":{"rendered":"Impressum"},"content":{"rendered":"\n<p>Alle Bilder und Grafiken sind urheberrechtlich gesch\u00fctzt.<br>Photographie: J\u00f6rg F. Klam, Michaela Radtke<br>Konzept und Realisation:<br>J\u00f6rg F. Klam (inhaltlich verantwortlich)<br>Postanschrift: <\/p>\n\n\n\n<p>Photo &amp; Design Studio Klam<br>Hagelberger Stra\u00dfe 12<br>10965 Berlin<\/p>\n\n\n\n<p>Umsatzsteueridentifikationsnummer: DE 135781515<\/p>\n\n\n\n<p>Rechtliche Hinweise<\/p>\n\n\n\n<p>Die Vollst\u00e4ndigkeit, Richtigkeit und Aktualit\u00e4t auf dieser Website wird nicht gew\u00e4hrleistet im Sinne einer vertraglichen Grundlage. \u00c4nderungen vorbehalten. F\u00fcr alle Inhalte aller gelinkten Seiten haftet deren Betreiber.<\/p>\n\n\n\n<hr class=\"wp-block-separator has-css-opacity\"\/>\n\n\n\n<p><\/p>\n","protected":false},"excerpt":{"rendered":"<p>Alle Bilder und Grafiken sind urheberrechtlich gesch\u00fctzt.Photographie: J\u00f6rg F. Klam, Michaela RadtkeKonzept und Realisation:J\u00f6rg F. Klam (inhaltlich verantwortlich)Postanschrift: Photo &amp; Design Studio KlamHagelberger Stra\u00dfe 1210965 Berlin Umsatzsteueridentifikationsnummer: DE 135781515 Rechtliche Hinweise Die Vollst\u00e4ndigkeit, Richtigkeit und Aktualit\u00e4t auf dieser Website wird nicht gew\u00e4hrleistet im Sinne einer vertraglichen Grundlage. \u00c4nderungen vorbehalten. F\u00fcr alle Inhalte aller gelinkten Seiten [&hellip;]<\/p>\n<a href=\"http:\/\/home.joergklam.de\/?page_id=47\" class=\"more-link\">Weiterlesen <span class=\"screen-reader-text\">Impressum<\/span><\/a>","protected":false},"author":1,"featured_media":0,"parent":0,"menu_order":0,"comment_status":"closed","ping_status":"closed","template":"","meta":{"jetpack_post_was_ever_published":false},"yoast_head":"<!-- This site is optimized with the Yoast SEO plugin v19.9 - https:\/\/yoast.com\/wordpress\/plugins\/seo\/ -->\n<title>Impressum - Photostudio<\/title>\n<meta name=\"robots\" content=\"index, follow, max-snippet:-1, max-image-preview:large, max-video-preview:-1\" \/>\n<link rel=\"canonical\" href=\"http:\/\/home.joergklam.de\/?page_id=47\" \/>\n<meta property=\"og:locale\" content=\"de_DE\" \/>\n<meta property=\"og:type\" content=\"article\" \/>\n<meta property=\"og:title\" content=\"Impressum - Photostudio\" \/>\n<meta property=\"og:description\" content=\"Alle Bilder und Grafiken sind urheberrechtlich gesch\u00fctzt.Photographie: J\u00f6rg F. Klam, Michaela RadtkeKonzept und Realisation:J\u00f6rg F. Klam (inhaltlich verantwortlich)Postanschrift: Photo &amp; Design Studio KlamHagelberger Stra\u00dfe 1210965 Berlin Umsatzsteueridentifikationsnummer: DE 135781515 Rechtliche Hinweise Die Vollst\u00e4ndigkeit, Richtigkeit und Aktualit\u00e4t auf dieser Website wird nicht gew\u00e4hrleistet im Sinne einer vertraglichen Grundlage. \u00c4nderungen vorbehalten. F\u00fcr alle Inhalte aller gelinkten Seiten [&hellip;]\" \/>\n<meta property=\"og:url\" content=\"http:\/\/home.joergklam.de\/?page_id=47\" \/>\n<meta property=\"og:site_name\" content=\"Photostudio\" \/>\n<meta property=\"article:modified_time\" content=\"2023-02-11T11:57:40+00:00\" \/>\n<meta name=\"twitter:card\" content=\"summary_large_image\" \/>\n<meta name=\"twitter:label1\" content=\"Gesch\u00e4tzte Lesezeit\" \/>\n\t<meta name=\"twitter:data1\" content=\"1\u00a0Minute\" \/>\n<script type=\"application\/ld+json\" class=\"yoast-schema-graph\">{\"@context\":\"https:\/\/schema.org\",\"@graph\":[{\"@type\":\"WebPage\",\"@id\":\"http:\/\/home.joergklam.de\/?page_id=47\",\"url\":\"http:\/\/home.joergklam.de\/?page_id=47\",\"name\":\"Impressum - Photostudio\",\"isPartOf\":{\"@id\":\"http:\/\/home.joergklam.de\/#website\"},\"datePublished\":\"2019-03-25T14:49:28+00:00\",\"dateModified\":\"2023-02-11T11:57:40+00:00\",\"breadcrumb\":{\"@id\":\"http:\/\/home.joergklam.de\/?page_id=47#breadcrumb\"},\"inLanguage\":\"de\",\"potentialAction\":[{\"@type\":\"ReadAction\",\"target\":[\"http:\/\/home.joergklam.de\/?page_id=47\"]}]},{\"@type\":\"BreadcrumbList\",\"@id\":\"http:\/\/home.joergklam.de\/?page_id=47#breadcrumb\",\"itemListElement\":[{\"@type\":\"ListItem\",\"position\":1,\"name\":\"Startseite\",\"item\":\"http:\/\/home.joergklam.de\/\"},{\"@type\":\"ListItem\",\"position\":2,\"name\":\"Impressum\"}]},{\"@type\":\"WebSite\",\"@id\":\"http:\/\/home.joergklam.de\/#website\",\"url\":\"http:\/\/home.joergklam.de\/\",\"name\":\"Photostudio\",\"description\":\"J\u00f6rg F. Klam\",\"publisher\":{\"@id\":\"http:\/\/home.joergklam.de\/#\/schema\/person\/79029599bbb0744a52102cfb2f1ecf6c\"},\"potentialAction\":[{\"@type\":\"SearchAction\",\"target\":{\"@type\":\"EntryPoint\",\"urlTemplate\":\"http:\/\/home.joergklam.de\/?s={search_term_string}\"},\"query-input\":\"required name=search_term_string\"}],\"inLanguage\":\"de\"},{\"@type\":[\"Person\",\"Organization\"],\"@id\":\"http:\/\/home.joergklam.de\/#\/schema\/person\/79029599bbb0744a52102cfb2f1ecf6c\",\"name\":\"joergklam\",\"image\":{\"@type\":\"ImageObject\",\"inLanguage\":\"de\",\"@id\":\"http:\/\/home.joergklam.de\/#\/schema\/person\/image\/\",\"url\":\"https:\/\/i0.wp.com\/home.joergklam.de\/wp-content\/uploads\/2020\/03\/P2092125.jpg?fit=2000%2C1500\",\"contentUrl\":\"https:\/\/i0.wp.com\/home.joergklam.de\/wp-content\/uploads\/2020\/03\/P2092125.jpg?fit=2000%2C1500\",\"width\":2000,\"height\":1500,\"caption\":\"joergklam\"},\"logo\":{\"@id\":\"http:\/\/home.joergklam.de\/#\/schema\/person\/image\/\"}}]}<\/script>\n<!-- \/ Yoast SEO plugin. -->","yoast_head_json":{"title":"Impressum - Photostudio","robots":{"index":"index","follow":"follow","max-snippet":"max-snippet:-1","max-image-preview":"max-image-preview:large","max-video-preview":"max-video-preview:-1"},"canonical":"http:\/\/home.joergklam.de\/?page_id=47","og_locale":"de_DE","og_type":"article","og_title":"Impressum - Photostudio","og_description":"Alle Bilder und Grafiken sind urheberrechtlich gesch\u00fctzt.Photographie: J\u00f6rg F. Klam, Michaela RadtkeKonzept und Realisation:J\u00f6rg F. Klam (inhaltlich verantwortlich)Postanschrift: Photo &amp; Design Studio KlamHagelberger Stra\u00dfe 1210965 Berlin Umsatzsteueridentifikationsnummer: DE 135781515 Rechtliche Hinweise Die Vollst\u00e4ndigkeit, Richtigkeit und Aktualit\u00e4t auf dieser Website wird nicht gew\u00e4hrleistet im Sinne einer vertraglichen Grundlage. \u00c4nderungen vorbehalten. F\u00fcr alle Inhalte aller gelinkten Seiten [&hellip;]","og_url":"http:\/\/home.joergklam.de\/?page_id=47","og_site_name":"Photostudio","article_modified_time":"2023-02-11T11:57:40+00:00","twitter_card":"summary_large_image","twitter_misc":{"Gesch\u00e4tzte Lesezeit":"1\u00a0Minute"},"schema":{"@context":"https:\/\/schema.org","@graph":[{"@type":"WebPage","@id":"http:\/\/home.joergklam.de\/?page_id=47","url":"http:\/\/home.joergklam.de\/?page_id=47","name":"Impressum - Photostudio","isPartOf":{"@id":"http:\/\/home.joergklam.de\/#website"},"datePublished":"2019-03-25T14:49:28+00:00","dateModified":"2023-02-11T11:57:40+00:00","breadcrumb":{"@id":"http:\/\/home.joergklam.de\/?page_id=47#breadcrumb"},"inLanguage":"de","potentialAction":[{"@type":"ReadAction","target":["http:\/\/home.joergklam.de\/?page_id=47"]}]},{"@type":"BreadcrumbList","@id":"http:\/\/home.joergklam.de\/?page_id=47#breadcrumb","itemListElement":[{"@type":"ListItem","position":1,"name":"Startseite","item":"http:\/\/home.joergklam.de\/"},{"@type":"ListItem","position":2,"name":"Impressum"}]},{"@type":"WebSite","@id":"http:\/\/home.joergklam.de\/#website","url":"http:\/\/home.joergklam.de\/","name":"Photostudio","description":"J\u00f6rg F. Klam","publisher":{"@id":"http:\/\/home.joergklam.de\/#\/schema\/person\/79029599bbb0744a52102cfb2f1ecf6c"},"potentialAction":[{"@type":"SearchAction","target":{"@type":"EntryPoint","urlTemplate":"http:\/\/home.joergklam.de\/?s={search_term_string}"},"query-input":"required name=search_term_string"}],"inLanguage":"de"},{"@type":["Person","Organization"],"@id":"http:\/\/home.joergklam.de\/#\/schema\/person\/79029599bbb0744a52102cfb2f1ecf6c","name":"joergklam","image":{"@type":"ImageObject","inLanguage":"de","@id":"http:\/\/home.joergklam.de\/#\/schema\/person\/image\/","url":"https:\/\/i0.wp.com\/home.joergklam.de\/wp-content\/uploads\/2020\/03\/P2092125.jpg?fit=2000%2C1500","contentUrl":"https:\/\/i0.wp.com\/home.joergklam.de\/wp-content\/uploads\/2020\/03\/P2092125.jpg?fit=2000%2C1500","width":2000,"height":1500,"caption":"joergklam"},"logo":{"@id":"http:\/\/home.joergklam.de\/#\/schema\/person\/image\/"}}]}},"jetpack_sharing_enabled":true,"jetpack_shortlink":"https:\/\/wp.me\/PaQ52k-L","jetpack-related-posts":[{"id":2,"url":"http:\/\/home.joergklam.de\/","url_meta":{"origin":47,"position":0},"title":"\u2026 mehr als 1000 Worte","author":"joergklam","date":"10. Mai 2016","format":false,"excerpt":"Mein Name ist J\u00f6rg F. Klam. Seit 1991 arbeite ich als freischaffender Photograph in Berlin. Meine Kunden sch\u00e4tzen meine schnelle Auffassungsgabe und das profunde Wissen um die Weiterverarbeitung der Photos. Das erm\u00f6glicht mir, f\u00fcr jede Anwendung, ob im Internet oder in Printmedien, eine optimale Bildqualit\u00e4t bereitzustellen. Routinierter Umgang mit eigener\u2026","rel":"","context":"\u00c4hnlicher Beitrag","block_context":{"text":"\u00c4hnlicher Beitrag","link":""},"img":{"alt_text":"","src":"https:\/\/i0.wp.com\/home.joergklam.de\/wp-content\/uploads\/2019\/03\/RalphMayer.jpg?resize=350%2C200","width":350,"height":200},"classes":[]},{"id":44,"url":"http:\/\/home.joergklam.de\/?page_id=44","url_meta":{"origin":47,"position":1},"title":"Datenschutzerkl\u00e4rung","author":"joergklam","date":"25. M\u00e4rz 2019","format":false,"excerpt":"Wer ich bin Die Adresse meiner Website ist: http:\/\/home.joergklam.de.Verantwortlich: J\u00f6rg F. Klam, Hagelberger Stra\u00dfe 12, 10965 Berlin Welche personenbezogenen Daten wir sammeln und warum wir sie sammeln Kommentare Wenn Besucher Kommentare auf der Website schreiben, sammeln wir die Daten, die im Kommentar-Formular angezeigt werden, au\u00dferdem die IP-Adresse des Besuchers und\u2026","rel":"","context":"\u00c4hnlicher Beitrag","block_context":{"text":"\u00c4hnlicher Beitrag","link":""},"img":{"alt_text":"","src":"","width":0,"height":0},"classes":[]}],"jetpack_likes_enabled":true,"_links":{"self":[{"href":"http:\/\/home.joergklam.de\/index.php?rest_route=\/wp\/v2\/pages\/47"}],"collection":[{"href":"http:\/\/home.joergklam.de\/index.php?rest_route=\/wp\/v2\/pages"}],"about":[{"href":"http:\/\/home.joergklam.de\/index.php?rest_route=\/wp\/v2\/types\/page"}],"author":[{"embeddable":true,"href":"http:\/\/home.joergklam.de\/index.php?rest_route=\/wp\/v2\/users\/1"}],"replies":[{"embeddable":true,"href":"http:\/\/home.joergklam.de\/index.php?rest_route=%2Fwp%2Fv2%2Fcomments&post=47"}],"version-history":[{"count":2,"href":"http:\/\/home.joergklam.de\/index.php?rest_route=\/wp\/v2\/pages\/47\/revisions"}],"predecessor-version":[{"id":555,"href":"http:\/\/home.joergklam.de\/index.php?rest_route=\/wp\/v2\/pages\/47\/revisions\/555"}],"wp:attachment":[{"href":"http:\/\/home.joergklam.de\/index.php?rest_route=%2Fwp%2Fv2%2Fmedia&parent=47"}],"curies":[{"name":"wp","href":"https:\/\/api.w.org\/{rel}","templated":true}]}}