{"id":16,"date":"2019-03-25T14:03:22","date_gmt":"2019-03-25T14:03:22","guid":{"rendered":"http:\/\/home.joergklam.de\/?page_id=16"},"modified":"2019-04-03T10:15:27","modified_gmt":"2019-04-03T10:15:27","slug":"der-photograph","status":"publish","type":"page","link":"http:\/\/home.joergklam.de\/?page_id=16","title":{"rendered":"Der Photograph"},"content":{"rendered":"\n<p><strong>\u2026sucht Herausforderungen, Jobs, Aufgaben, Shootings, Projekte.<\/strong><\/p>\n\n\n\n<div class=\"wp-block-jetpack-slideshow alignfull\" data-autoplay=\"true\" data-delay=\"4\" data-effect=\"slide\"><div class=\"wp-block-jetpack-slideshow_container swiper-container\"><ul class=\"wp-block-jetpack-slideshow_swiper-wrappper swiper-wrapper\"><li class=\"wp-block-jetpack-slideshow_slide swiper-slide\"><figure><img decoding=\"async\" loading=\"lazy\" width=\"1000\" height=\"563\" alt=\"\" class=\"wp-block-jetpack-slideshow_image wp-image-119\" data-id=\"119\" src=\"https:\/\/i0.wp.com\/home.joergklam.de\/wp-content\/uploads\/2019\/03\/RalphMayer.jpg?resize=1000%2C563\" srcset=\"https:\/\/i0.wp.com\/home.joergklam.de\/wp-content\/uploads\/2019\/03\/RalphMayer.jpg?w=1600 1600w, https:\/\/i0.wp.com\/home.joergklam.de\/wp-content\/uploads\/2019\/03\/RalphMayer.jpg?resize=300%2C169 300w, https:\/\/i0.wp.com\/home.joergklam.de\/wp-content\/uploads\/2019\/03\/RalphMayer.jpg?resize=768%2C432 768w, https:\/\/i0.wp.com\/home.joergklam.de\/wp-content\/uploads\/2019\/03\/RalphMayer.jpg?resize=1024%2C576 1024w, https:\/\/i0.wp.com\/home.joergklam.de\/wp-content\/uploads\/2019\/03\/RalphMayer.jpg?resize=1440%2C810 1440w\" sizes=\"(max-width: 1000px) 100vw, 1000px\" data-recalc-dims=\"1\" \/><\/figure><\/li><li class=\"wp-block-jetpack-slideshow_slide swiper-slide\"><figure><img decoding=\"async\" loading=\"lazy\" width=\"1000\" height=\"563\" alt=\"\" class=\"wp-block-jetpack-slideshow_image wp-image-18\" data-id=\"18\" src=\"https:\/\/i0.wp.com\/home.joergklam.de\/wp-content\/uploads\/2019\/03\/Riehmers-2.jpg?resize=1000%2C563\" srcset=\"https:\/\/i0.wp.com\/home.joergklam.de\/wp-content\/uploads\/2019\/03\/Riehmers-2.jpg?w=1600 1600w, https:\/\/i0.wp.com\/home.joergklam.de\/wp-content\/uploads\/2019\/03\/Riehmers-2.jpg?resize=300%2C169 300w, https:\/\/i0.wp.com\/home.joergklam.de\/wp-content\/uploads\/2019\/03\/Riehmers-2.jpg?resize=768%2C432 768w, https:\/\/i0.wp.com\/home.joergklam.de\/wp-content\/uploads\/2019\/03\/Riehmers-2.jpg?resize=1024%2C576 1024w, https:\/\/i0.wp.com\/home.joergklam.de\/wp-content\/uploads\/2019\/03\/Riehmers-2.jpg?resize=1568%2C882 1568w\" sizes=\"(max-width: 1000px) 100vw, 1000px\" data-recalc-dims=\"1\" \/><\/figure><\/li><li class=\"wp-block-jetpack-slideshow_slide swiper-slide\"><figure><img decoding=\"async\" loading=\"lazy\" width=\"1000\" height=\"563\" alt=\"\" class=\"wp-block-jetpack-slideshow_image wp-image-154\" data-id=\"154\" src=\"https:\/\/i0.wp.com\/home.joergklam.de\/wp-content\/uploads\/2019\/03\/softline-4.jpg?resize=1000%2C563\" srcset=\"https:\/\/i0.wp.com\/home.joergklam.de\/wp-content\/uploads\/2019\/03\/softline-4.jpg?w=1600 1600w, https:\/\/i0.wp.com\/home.joergklam.de\/wp-content\/uploads\/2019\/03\/softline-4.jpg?resize=300%2C169 300w, https:\/\/i0.wp.com\/home.joergklam.de\/wp-content\/uploads\/2019\/03\/softline-4.jpg?resize=768%2C432 768w, https:\/\/i0.wp.com\/home.joergklam.de\/wp-content\/uploads\/2019\/03\/softline-4.jpg?resize=1024%2C576 1024w, https:\/\/i0.wp.com\/home.joergklam.de\/wp-content\/uploads\/2019\/03\/softline-4.jpg?resize=1440%2C810 1440w\" sizes=\"(max-width: 1000px) 100vw, 1000px\" data-recalc-dims=\"1\" \/><\/figure><\/li><li class=\"wp-block-jetpack-slideshow_slide swiper-slide\"><figure><img decoding=\"async\" loading=\"lazy\" width=\"1000\" height=\"563\" alt=\"\" class=\"wp-block-jetpack-slideshow_image wp-image-22\" data-id=\"22\" src=\"https:\/\/i0.wp.com\/home.joergklam.de\/wp-content\/uploads\/2019\/03\/meisterschueler-1.jpg?resize=1000%2C563\" srcset=\"https:\/\/i0.wp.com\/home.joergklam.de\/wp-content\/uploads\/2019\/03\/meisterschueler-1.jpg?w=1600 1600w, https:\/\/i0.wp.com\/home.joergklam.de\/wp-content\/uploads\/2019\/03\/meisterschueler-1.jpg?resize=300%2C169 300w, https:\/\/i0.wp.com\/home.joergklam.de\/wp-content\/uploads\/2019\/03\/meisterschueler-1.jpg?resize=768%2C432 768w, https:\/\/i0.wp.com\/home.joergklam.de\/wp-content\/uploads\/2019\/03\/meisterschueler-1.jpg?resize=1024%2C576 1024w, https:\/\/i0.wp.com\/home.joergklam.de\/wp-content\/uploads\/2019\/03\/meisterschueler-1.jpg?resize=1568%2C882 1568w\" sizes=\"(max-width: 1000px) 100vw, 1000px\" data-recalc-dims=\"1\" \/><\/figure><\/li><li class=\"wp-block-jetpack-slideshow_slide swiper-slide\"><figure><img decoding=\"async\" loading=\"lazy\" width=\"1000\" height=\"563\" alt=\"\" class=\"wp-block-jetpack-slideshow_image wp-image-139\" data-id=\"139\" src=\"https:\/\/i0.wp.com\/home.joergklam.de\/wp-content\/uploads\/2019\/03\/IHK-2.jpg?resize=1000%2C563\" srcset=\"https:\/\/i0.wp.com\/home.joergklam.de\/wp-content\/uploads\/2019\/03\/IHK-2.jpg?w=1600 1600w, https:\/\/i0.wp.com\/home.joergklam.de\/wp-content\/uploads\/2019\/03\/IHK-2.jpg?resize=300%2C169 300w, https:\/\/i0.wp.com\/home.joergklam.de\/wp-content\/uploads\/2019\/03\/IHK-2.jpg?resize=768%2C432 768w, https:\/\/i0.wp.com\/home.joergklam.de\/wp-content\/uploads\/2019\/03\/IHK-2.jpg?resize=1024%2C576 1024w, https:\/\/i0.wp.com\/home.joergklam.de\/wp-content\/uploads\/2019\/03\/IHK-2.jpg?resize=1440%2C810 1440w\" sizes=\"(max-width: 1000px) 100vw, 1000px\" data-recalc-dims=\"1\" \/><\/figure><\/li><li class=\"wp-block-jetpack-slideshow_slide swiper-slide\"><figure><img decoding=\"async\" loading=\"lazy\" width=\"1000\" height=\"563\" alt=\"\" class=\"wp-block-jetpack-slideshow_image wp-image-138\" data-id=\"138\" src=\"https:\/\/i0.wp.com\/home.joergklam.de\/wp-content\/uploads\/2019\/03\/Praxis-Benke-1.jpg?resize=1000%2C563\" srcset=\"https:\/\/i0.wp.com\/home.joergklam.de\/wp-content\/uploads\/2019\/03\/Praxis-Benke-1.jpg?w=1600 1600w, https:\/\/i0.wp.com\/home.joergklam.de\/wp-content\/uploads\/2019\/03\/Praxis-Benke-1.jpg?resize=300%2C169 300w, https:\/\/i0.wp.com\/home.joergklam.de\/wp-content\/uploads\/2019\/03\/Praxis-Benke-1.jpg?resize=768%2C432 768w, https:\/\/i0.wp.com\/home.joergklam.de\/wp-content\/uploads\/2019\/03\/Praxis-Benke-1.jpg?resize=1024%2C576 1024w, https:\/\/i0.wp.com\/home.joergklam.de\/wp-content\/uploads\/2019\/03\/Praxis-Benke-1.jpg?resize=1440%2C810 1440w\" sizes=\"(max-width: 1000px) 100vw, 1000px\" data-recalc-dims=\"1\" \/><\/figure><\/li><li class=\"wp-block-jetpack-slideshow_slide swiper-slide\"><figure><img decoding=\"async\" loading=\"lazy\" width=\"1000\" height=\"563\" alt=\"\" class=\"wp-block-jetpack-slideshow_image wp-image-133\" data-id=\"133\" src=\"https:\/\/i0.wp.com\/home.joergklam.de\/wp-content\/uploads\/2019\/03\/Welter-2.jpg?resize=1000%2C563\" srcset=\"https:\/\/i0.wp.com\/home.joergklam.de\/wp-content\/uploads\/2019\/03\/Welter-2.jpg?w=1600 1600w, https:\/\/i0.wp.com\/home.joergklam.de\/wp-content\/uploads\/2019\/03\/Welter-2.jpg?resize=300%2C169 300w, https:\/\/i0.wp.com\/home.joergklam.de\/wp-content\/uploads\/2019\/03\/Welter-2.jpg?resize=768%2C432 768w, https:\/\/i0.wp.com\/home.joergklam.de\/wp-content\/uploads\/2019\/03\/Welter-2.jpg?resize=1024%2C576 1024w, https:\/\/i0.wp.com\/home.joergklam.de\/wp-content\/uploads\/2019\/03\/Welter-2.jpg?resize=1440%2C810 1440w\" sizes=\"(max-width: 1000px) 100vw, 1000px\" data-recalc-dims=\"1\" \/><\/figure><\/li><li class=\"wp-block-jetpack-slideshow_slide swiper-slide\"><figure><img decoding=\"async\" loading=\"lazy\" width=\"1000\" height=\"563\" alt=\"\" class=\"wp-block-jetpack-slideshow_image wp-image-174\" data-id=\"174\" src=\"https:\/\/i0.wp.com\/home.joergklam.de\/wp-content\/uploads\/2019\/03\/ART-Kreuzberg-3.jpg?resize=1000%2C563\" srcset=\"https:\/\/i0.wp.com\/home.joergklam.de\/wp-content\/uploads\/2019\/03\/ART-Kreuzberg-3.jpg?w=1600 1600w, https:\/\/i0.wp.com\/home.joergklam.de\/wp-content\/uploads\/2019\/03\/ART-Kreuzberg-3.jpg?resize=300%2C169 300w, https:\/\/i0.wp.com\/home.joergklam.de\/wp-content\/uploads\/2019\/03\/ART-Kreuzberg-3.jpg?resize=768%2C432 768w, https:\/\/i0.wp.com\/home.joergklam.de\/wp-content\/uploads\/2019\/03\/ART-Kreuzberg-3.jpg?resize=1024%2C576 1024w, https:\/\/i0.wp.com\/home.joergklam.de\/wp-content\/uploads\/2019\/03\/ART-Kreuzberg-3.jpg?resize=1440%2C810 1440w\" sizes=\"(max-width: 1000px) 100vw, 1000px\" data-recalc-dims=\"1\" \/><\/figure><\/li><li class=\"wp-block-jetpack-slideshow_slide swiper-slide\"><figure><img decoding=\"async\" loading=\"lazy\" width=\"1000\" height=\"563\" alt=\"\" class=\"wp-block-jetpack-slideshow_image wp-image-132\" data-id=\"132\" src=\"https:\/\/i0.wp.com\/home.joergklam.de\/wp-content\/uploads\/2019\/03\/artotel-1.jpg?resize=1000%2C563\" srcset=\"https:\/\/i0.wp.com\/home.joergklam.de\/wp-content\/uploads\/2019\/03\/artotel-1.jpg?w=1600 1600w, https:\/\/i0.wp.com\/home.joergklam.de\/wp-content\/uploads\/2019\/03\/artotel-1.jpg?resize=300%2C169 300w, https:\/\/i0.wp.com\/home.joergklam.de\/wp-content\/uploads\/2019\/03\/artotel-1.jpg?resize=768%2C432 768w, https:\/\/i0.wp.com\/home.joergklam.de\/wp-content\/uploads\/2019\/03\/artotel-1.jpg?resize=1024%2C576 1024w, https:\/\/i0.wp.com\/home.joergklam.de\/wp-content\/uploads\/2019\/03\/artotel-1.jpg?resize=1440%2C810 1440w\" sizes=\"(max-width: 1000px) 100vw, 1000px\" data-recalc-dims=\"1\" \/><\/figure><\/li><li class=\"wp-block-jetpack-slideshow_slide swiper-slide\"><figure><img decoding=\"async\" loading=\"lazy\" width=\"1000\" height=\"563\" alt=\"\" class=\"wp-block-jetpack-slideshow_image wp-image-159\" data-id=\"159\" src=\"https:\/\/i0.wp.com\/home.joergklam.de\/wp-content\/uploads\/2019\/03\/Konstantin.jpg?resize=1000%2C563\" srcset=\"https:\/\/i0.wp.com\/home.joergklam.de\/wp-content\/uploads\/2019\/03\/Konstantin.jpg?w=1600 1600w, https:\/\/i0.wp.com\/home.joergklam.de\/wp-content\/uploads\/2019\/03\/Konstantin.jpg?resize=300%2C169 300w, https:\/\/i0.wp.com\/home.joergklam.de\/wp-content\/uploads\/2019\/03\/Konstantin.jpg?resize=768%2C432 768w, https:\/\/i0.wp.com\/home.joergklam.de\/wp-content\/uploads\/2019\/03\/Konstantin.jpg?resize=1024%2C576 1024w, https:\/\/i0.wp.com\/home.joergklam.de\/wp-content\/uploads\/2019\/03\/Konstantin.jpg?resize=1440%2C810 1440w\" sizes=\"(max-width: 1000px) 100vw, 1000px\" data-recalc-dims=\"1\" \/><\/figure><\/li><li class=\"wp-block-jetpack-slideshow_slide swiper-slide\"><figure><img decoding=\"async\" loading=\"lazy\" width=\"1000\" height=\"563\" alt=\"\" class=\"wp-block-jetpack-slideshow_image wp-image-129\" data-id=\"129\" src=\"https:\/\/i0.wp.com\/home.joergklam.de\/wp-content\/uploads\/2019\/03\/TWG-2.jpg?resize=1000%2C563\" srcset=\"https:\/\/i0.wp.com\/home.joergklam.de\/wp-content\/uploads\/2019\/03\/TWG-2.jpg?w=1600 1600w, https:\/\/i0.wp.com\/home.joergklam.de\/wp-content\/uploads\/2019\/03\/TWG-2.jpg?resize=300%2C169 300w, https:\/\/i0.wp.com\/home.joergklam.de\/wp-content\/uploads\/2019\/03\/TWG-2.jpg?resize=768%2C432 768w, https:\/\/i0.wp.com\/home.joergklam.de\/wp-content\/uploads\/2019\/03\/TWG-2.jpg?resize=1024%2C576 1024w, https:\/\/i0.wp.com\/home.joergklam.de\/wp-content\/uploads\/2019\/03\/TWG-2.jpg?resize=1440%2C810 1440w\" sizes=\"(max-width: 1000px) 100vw, 1000px\" data-recalc-dims=\"1\" \/><\/figure><\/li><li class=\"wp-block-jetpack-slideshow_slide swiper-slide\"><figure><img decoding=\"async\" loading=\"lazy\" width=\"1000\" height=\"563\" alt=\"\" class=\"wp-block-jetpack-slideshow_image wp-image-177\" data-id=\"177\" src=\"https:\/\/i0.wp.com\/home.joergklam.de\/wp-content\/uploads\/2019\/03\/Kunst-2.jpg?resize=1000%2C563\" srcset=\"https:\/\/i0.wp.com\/home.joergklam.de\/wp-content\/uploads\/2019\/03\/Kunst-2.jpg?w=1600 1600w, https:\/\/i0.wp.com\/home.joergklam.de\/wp-content\/uploads\/2019\/03\/Kunst-2.jpg?resize=300%2C169 300w, https:\/\/i0.wp.com\/home.joergklam.de\/wp-content\/uploads\/2019\/03\/Kunst-2.jpg?resize=768%2C432 768w, https:\/\/i0.wp.com\/home.joergklam.de\/wp-content\/uploads\/2019\/03\/Kunst-2.jpg?resize=1024%2C576 1024w, https:\/\/i0.wp.com\/home.joergklam.de\/wp-content\/uploads\/2019\/03\/Kunst-2.jpg?resize=1440%2C810 1440w\" sizes=\"(max-width: 1000px) 100vw, 1000px\" data-recalc-dims=\"1\" \/><\/figure><\/li><li class=\"wp-block-jetpack-slideshow_slide swiper-slide\"><figure><img decoding=\"async\" loading=\"lazy\" width=\"1000\" height=\"563\" alt=\"\" class=\"wp-block-jetpack-slideshow_image wp-image-125\" data-id=\"125\" src=\"https:\/\/i0.wp.com\/home.joergklam.de\/wp-content\/uploads\/2019\/03\/Zahna-1.jpg?resize=1000%2C563\" srcset=\"https:\/\/i0.wp.com\/home.joergklam.de\/wp-content\/uploads\/2019\/03\/Zahna-1.jpg?w=1600 1600w, https:\/\/i0.wp.com\/home.joergklam.de\/wp-content\/uploads\/2019\/03\/Zahna-1.jpg?resize=300%2C169 300w, https:\/\/i0.wp.com\/home.joergklam.de\/wp-content\/uploads\/2019\/03\/Zahna-1.jpg?resize=768%2C432 768w, https:\/\/i0.wp.com\/home.joergklam.de\/wp-content\/uploads\/2019\/03\/Zahna-1.jpg?resize=1024%2C576 1024w, https:\/\/i0.wp.com\/home.joergklam.de\/wp-content\/uploads\/2019\/03\/Zahna-1.jpg?resize=1440%2C810 1440w\" sizes=\"(max-width: 1000px) 100vw, 1000px\" data-recalc-dims=\"1\" \/><\/figure><\/li><\/ul><a class=\"wp-block-jetpack-slideshow_button-prev swiper-button-prev swiper-button-white\" role=\"button\"><\/a><a class=\"wp-block-jetpack-slideshow_button-next swiper-button-next swiper-button-white\" role=\"button\"><\/a><a aria-label=\"Pause Slideshow\" class=\"wp-block-jetpack-slideshow_button-pause\" role=\"button\"><\/a><div class=\"wp-block-jetpack-slideshow_pagination swiper-pagination swiper-pagination-white\"><\/div><\/div><\/div>\n\n\n\n<p style=\"text-align:left\">1965 in Gelsenkirchen geboren, lernte ich bald, was schnelle und zuverl\u00e4ssige Arbeit bedeutet. Gepaart mit meiner Kreativit\u00e4t kam das in Berlin zum Tragen, als ich f\u00fcr Berliner Museen und Galerien arbeitete und sp\u00e4ter angestellter Photograph der Werbeagentur Flaskamp wurde.<\/p>\n\n\n\n<p style=\"text-align:left\">Seit 1991 selbst\u00e4ndig, biete ich in meinem Photostudio im Bergmannkiez, zwischen Potsdamer Platz und Flughafen Tempelhof, Photoproduktionen f\u00fcr Gewerbetreibende, Agenturen und Privatkunden. Die Bereiche People, Interior und Food sind stark bei mir vertreten. <\/p>\n\n\n\n<h2>Kreativen Input<\/h2>\n\n\n\n<p style=\"text-align:left\">\u2026 geben mir immer wieder freie photographische Projekte. Dabei arbeite ich allein an Themen, entwickle Konzepte gemeinsam mit meiner Partnerin oder f\u00fchre Workshops durch, bei denen sich die Gruppe mit neuen Bildideen und Sichtweisen \u00fcberrascht.<\/p>\n\n\n<div class=\"wp-block-jetpack-contact-form\"><a href=\"http:\/\/home.joergklam.de\/?page_id=16\" target=\"_blank\" rel=\"noopener noreferrer\">Formular einreichen.<\/a><\/div>","protected":false},"excerpt":{"rendered":"<p>\u2026sucht Herausforderungen, Jobs, Aufgaben, Shootings, Projekte. 1965 in Gelsenkirchen geboren, lernte ich bald, was schnelle und zuverl\u00e4ssige Arbeit bedeutet. Gepaart mit meiner Kreativit\u00e4t kam das in Berlin zum Tragen, als ich f\u00fcr Berliner Museen und Galerien arbeitete und sp\u00e4ter angestellter Photograph der Werbeagentur Flaskamp wurde. Seit 1991 selbst\u00e4ndig, biete ich in meinem Photostudio im Bergmannkiez, [&hellip;]<\/p>\n<a href=\"http:\/\/home.joergklam.de\/?page_id=16\" class=\"more-link\">Weiterlesen <span class=\"screen-reader-text\">Der Photograph<\/span><\/a>","protected":false},"author":1,"featured_media":0,"parent":0,"menu_order":0,"comment_status":"closed","ping_status":"closed","template":"","meta":{"jetpack_post_was_ever_published":false},"yoast_head":"<!-- This site is optimized with the Yoast SEO plugin v19.9 - https:\/\/yoast.com\/wordpress\/plugins\/seo\/ -->\n<title>Der Photograph - Photostudio<\/title>\n<meta name=\"robots\" content=\"index, follow, max-snippet:-1, max-image-preview:large, max-video-preview:-1\" \/>\n<link rel=\"canonical\" href=\"http:\/\/home.joergklam.de\/?page_id=16\" \/>\n<meta property=\"og:locale\" content=\"de_DE\" \/>\n<meta property=\"og:type\" content=\"article\" \/>\n<meta property=\"og:title\" content=\"Der Photograph - Photostudio\" \/>\n<meta property=\"og:description\" content=\"\u2026sucht Herausforderungen, Jobs, Aufgaben, Shootings, Projekte. 1965 in Gelsenkirchen geboren, lernte ich bald, was schnelle und zuverl\u00e4ssige Arbeit bedeutet. Gepaart mit meiner Kreativit\u00e4t kam das in Berlin zum Tragen, als ich f\u00fcr Berliner Museen und Galerien arbeitete und sp\u00e4ter angestellter Photograph der Werbeagentur Flaskamp wurde. Seit 1991 selbst\u00e4ndig, biete ich in meinem Photostudio im Bergmannkiez, [&hellip;]\" \/>\n<meta property=\"og:url\" content=\"http:\/\/home.joergklam.de\/?page_id=16\" \/>\n<meta property=\"og:site_name\" content=\"Photostudio\" \/>\n<meta property=\"article:modified_time\" content=\"2019-04-03T10:15:27+00:00\" \/>\n<meta property=\"og:image\" content=\"http:\/\/home.joergklam.de\/wp-content\/uploads\/2019\/03\/RalphMayer.jpg\" \/>\n<meta name=\"twitter:card\" content=\"summary_large_image\" \/>\n<meta name=\"twitter:label1\" content=\"Gesch\u00e4tzte Lesezeit\" \/>\n\t<meta name=\"twitter:data1\" content=\"1\u00a0Minute\" \/>\n<script type=\"application\/ld+json\" class=\"yoast-schema-graph\">{\"@context\":\"https:\/\/schema.org\",\"@graph\":[{\"@type\":\"WebPage\",\"@id\":\"http:\/\/home.joergklam.de\/?page_id=16\",\"url\":\"http:\/\/home.joergklam.de\/?page_id=16\",\"name\":\"Der Photograph - Photostudio\",\"isPartOf\":{\"@id\":\"http:\/\/home.joergklam.de\/#website\"},\"datePublished\":\"2019-03-25T14:03:22+00:00\",\"dateModified\":\"2019-04-03T10:15:27+00:00\",\"breadcrumb\":{\"@id\":\"http:\/\/home.joergklam.de\/?page_id=16#breadcrumb\"},\"inLanguage\":\"de\",\"potentialAction\":[{\"@type\":\"ReadAction\",\"target\":[\"http:\/\/home.joergklam.de\/?page_id=16\"]}]},{\"@type\":\"BreadcrumbList\",\"@id\":\"http:\/\/home.joergklam.de\/?page_id=16#breadcrumb\",\"itemListElement\":[{\"@type\":\"ListItem\",\"position\":1,\"name\":\"Startseite\",\"item\":\"http:\/\/home.joergklam.de\/\"},{\"@type\":\"ListItem\",\"position\":2,\"name\":\"Der Photograph\"}]},{\"@type\":\"WebSite\",\"@id\":\"http:\/\/home.joergklam.de\/#website\",\"url\":\"http:\/\/home.joergklam.de\/\",\"name\":\"Photostudio\",\"description\":\"J\u00f6rg F. Klam\",\"publisher\":{\"@id\":\"http:\/\/home.joergklam.de\/#\/schema\/person\/79029599bbb0744a52102cfb2f1ecf6c\"},\"potentialAction\":[{\"@type\":\"SearchAction\",\"target\":{\"@type\":\"EntryPoint\",\"urlTemplate\":\"http:\/\/home.joergklam.de\/?s={search_term_string}\"},\"query-input\":\"required name=search_term_string\"}],\"inLanguage\":\"de\"},{\"@type\":[\"Person\",\"Organization\"],\"@id\":\"http:\/\/home.joergklam.de\/#\/schema\/person\/79029599bbb0744a52102cfb2f1ecf6c\",\"name\":\"joergklam\",\"image\":{\"@type\":\"ImageObject\",\"inLanguage\":\"de\",\"@id\":\"http:\/\/home.joergklam.de\/#\/schema\/person\/image\/\",\"url\":\"https:\/\/i0.wp.com\/home.joergklam.de\/wp-content\/uploads\/2020\/03\/P2092125.jpg?fit=2000%2C1500\",\"contentUrl\":\"https:\/\/i0.wp.com\/home.joergklam.de\/wp-content\/uploads\/2020\/03\/P2092125.jpg?fit=2000%2C1500\",\"width\":2000,\"height\":1500,\"caption\":\"joergklam\"},\"logo\":{\"@id\":\"http:\/\/home.joergklam.de\/#\/schema\/person\/image\/\"}}]}<\/script>\n<!-- \/ Yoast SEO plugin. -->","yoast_head_json":{"title":"Der Photograph - Photostudio","robots":{"index":"index","follow":"follow","max-snippet":"max-snippet:-1","max-image-preview":"max-image-preview:large","max-video-preview":"max-video-preview:-1"},"canonical":"http:\/\/home.joergklam.de\/?page_id=16","og_locale":"de_DE","og_type":"article","og_title":"Der Photograph - Photostudio","og_description":"\u2026sucht Herausforderungen, Jobs, Aufgaben, Shootings, Projekte. 1965 in Gelsenkirchen geboren, lernte ich bald, was schnelle und zuverl\u00e4ssige Arbeit bedeutet. Gepaart mit meiner Kreativit\u00e4t kam das in Berlin zum Tragen, als ich f\u00fcr Berliner Museen und Galerien arbeitete und sp\u00e4ter angestellter Photograph der Werbeagentur Flaskamp wurde. Seit 1991 selbst\u00e4ndig, biete ich in meinem Photostudio im Bergmannkiez, [&hellip;]","og_url":"http:\/\/home.joergklam.de\/?page_id=16","og_site_name":"Photostudio","article_modified_time":"2019-04-03T10:15:27+00:00","og_image":[{"url":"http:\/\/home.joergklam.de\/wp-content\/uploads\/2019\/03\/RalphMayer.jpg"}],"twitter_card":"summary_large_image","twitter_misc":{"Gesch\u00e4tzte Lesezeit":"1\u00a0Minute"},"schema":{"@context":"https:\/\/schema.org","@graph":[{"@type":"WebPage","@id":"http:\/\/home.joergklam.de\/?page_id=16","url":"http:\/\/home.joergklam.de\/?page_id=16","name":"Der Photograph - Photostudio","isPartOf":{"@id":"http:\/\/home.joergklam.de\/#website"},"datePublished":"2019-03-25T14:03:22+00:00","dateModified":"2019-04-03T10:15:27+00:00","breadcrumb":{"@id":"http:\/\/home.joergklam.de\/?page_id=16#breadcrumb"},"inLanguage":"de","potentialAction":[{"@type":"ReadAction","target":["http:\/\/home.joergklam.de\/?page_id=16"]}]},{"@type":"BreadcrumbList","@id":"http:\/\/home.joergklam.de\/?page_id=16#breadcrumb","itemListElement":[{"@type":"ListItem","position":1,"name":"Startseite","item":"http:\/\/home.joergklam.de\/"},{"@type":"ListItem","position":2,"name":"Der Photograph"}]},{"@type":"WebSite","@id":"http:\/\/home.joergklam.de\/#website","url":"http:\/\/home.joergklam.de\/","name":"Photostudio","description":"J\u00f6rg F. Klam","publisher":{"@id":"http:\/\/home.joergklam.de\/#\/schema\/person\/79029599bbb0744a52102cfb2f1ecf6c"},"potentialAction":[{"@type":"SearchAction","target":{"@type":"EntryPoint","urlTemplate":"http:\/\/home.joergklam.de\/?s={search_term_string}"},"query-input":"required name=search_term_string"}],"inLanguage":"de"},{"@type":["Person","Organization"],"@id":"http:\/\/home.joergklam.de\/#\/schema\/person\/79029599bbb0744a52102cfb2f1ecf6c","name":"joergklam","image":{"@type":"ImageObject","inLanguage":"de","@id":"http:\/\/home.joergklam.de\/#\/schema\/person\/image\/","url":"https:\/\/i0.wp.com\/home.joergklam.de\/wp-content\/uploads\/2020\/03\/P2092125.jpg?fit=2000%2C1500","contentUrl":"https:\/\/i0.wp.com\/home.joergklam.de\/wp-content\/uploads\/2020\/03\/P2092125.jpg?fit=2000%2C1500","width":2000,"height":1500,"caption":"joergklam"},"logo":{"@id":"http:\/\/home.joergklam.de\/#\/schema\/person\/image\/"}}]}},"jetpack_sharing_enabled":true,"jetpack_shortlink":"https:\/\/wp.me\/PaQ52k-g","jetpack-related-posts":[{"id":2,"url":"http:\/\/home.joergklam.de\/","url_meta":{"origin":16,"position":0},"title":"\u2026 mehr als 1000 Worte","author":"joergklam","date":"10. Mai 2016","format":false,"excerpt":"Mein Name ist J\u00f6rg F. Klam. Seit 1991 arbeite ich als freischaffender Photograph in Berlin. Meine Kunden sch\u00e4tzen meine schnelle Auffassungsgabe und das profunde Wissen um die Weiterverarbeitung der Photos. Das erm\u00f6glicht mir, f\u00fcr jede Anwendung, ob im Internet oder in Printmedien, eine optimale Bildqualit\u00e4t bereitzustellen. Routinierter Umgang mit eigener\u2026","rel":"","context":"\u00c4hnlicher Beitrag","block_context":{"text":"\u00c4hnlicher Beitrag","link":""},"img":{"alt_text":"","src":"https:\/\/i0.wp.com\/home.joergklam.de\/wp-content\/uploads\/2019\/03\/RalphMayer.jpg?resize=350%2C200","width":350,"height":200},"classes":[]},{"id":44,"url":"http:\/\/home.joergklam.de\/?page_id=44","url_meta":{"origin":16,"position":1},"title":"Datenschutzerkl\u00e4rung","author":"joergklam","date":"25. M\u00e4rz 2019","format":false,"excerpt":"Wer ich bin Die Adresse meiner Website ist: http:\/\/home.joergklam.de.Verantwortlich: J\u00f6rg F. Klam, Hagelberger Stra\u00dfe 12, 10965 Berlin Welche personenbezogenen Daten wir sammeln und warum wir sie sammeln Kommentare Wenn Besucher Kommentare auf der Website schreiben, sammeln wir die Daten, die im Kommentar-Formular angezeigt werden, au\u00dferdem die IP-Adresse des Besuchers und\u2026","rel":"","context":"\u00c4hnlicher Beitrag","block_context":{"text":"\u00c4hnlicher Beitrag","link":""},"img":{"alt_text":"","src":"","width":0,"height":0},"classes":[]}],"jetpack_likes_enabled":true,"_links":{"self":[{"href":"http:\/\/home.joergklam.de\/index.php?rest_route=\/wp\/v2\/pages\/16"}],"collection":[{"href":"http:\/\/home.joergklam.de\/index.php?rest_route=\/wp\/v2\/pages"}],"about":[{"href":"http:\/\/home.joergklam.de\/index.php?rest_route=\/wp\/v2\/types\/page"}],"author":[{"embeddable":true,"href":"http:\/\/home.joergklam.de\/index.php?rest_route=\/wp\/v2\/users\/1"}],"replies":[{"embeddable":true,"href":"http:\/\/home.joergklam.de\/index.php?rest_route=%2Fwp%2Fv2%2Fcomments&post=16"}],"version-history":[{"count":11,"href":"http:\/\/home.joergklam.de\/index.php?rest_route=\/wp\/v2\/pages\/16\/revisions"}],"predecessor-version":[{"id":196,"href":"http:\/\/home.joergklam.de\/index.php?rest_route=\/wp\/v2\/pages\/16\/revisions\/196"}],"wp:attachment":[{"href":"http:\/\/home.joergklam.de\/index.php?rest_route=%2Fwp%2Fv2%2Fmedia&parent=16"}],"curies":[{"name":"wp","href":"https:\/\/api.w.org\/{rel}","templated":true}]}}